{"id":10,"date":"2026-03-17T19:30:34","date_gmt":"2026-03-17T19:30:34","guid":{"rendered":"https:\/\/mannarelli.cl\/?page_id=10"},"modified":"2026-04-20T15:43:33","modified_gmt":"2026-04-20T15:43:33","slug":"pagina-de-inicio","status":"publish","type":"page","link":"https:\/\/mannarelli.cl\/","title":{"rendered":"Soy"},"content":{"rendered":"\n<div class=\"wp-block-cover alignfull is-light\" style=\"min-height:100vh;aspect-ratio:unset;\"><video class=\"wp-block-cover__video-background intrinsic-ignore\" autoplay muted loop playsinline src=\"https:\/\/mannarelli.cl\/wp-content\/uploads\/2026\/03\/en_equipo.mp4\" data-object-fit=\"cover\"><\/video><span aria-hidden=\"true\" class=\"wp-block-cover__background has-background-dim-20 has-background-dim\" style=\"background-color:#FFF\"><\/span><div class=\"wp-block-cover__inner-container has-global-padding is-layout-constrained wp-block-cover-is-layout-constrained\">\n<p class=\"has-text-align-center has-primary-color has-text-color has-link-color has-max-60-font-size wp-elements-408a26de3af6dd82f657fedb7bc4acfc\" style=\"font-style:normal;font-weight:900;line-height:1.2\"><strong>Comprender. Ajustar. Mejorar.<\/strong><\/p>\n\n\n\n<p class=\"has-text-align-center has-foreground-color has-text-color has-medium-font-size\"><\/p>\n\n\n\n<div style=\"height:55px\" aria-hidden=\"true\" class=\"wp-block-spacer\"><\/div>\n\n\n\n<div class=\"wp-block-buttons is-content-justification-center is-layout-flex wp-container-core-buttons-is-layout-a89b3969 wp-block-buttons-is-layout-flex\">\n<div class=\"wp-block-button is-style-fill\"><a class=\"wp-block-button__link has-foreground-color has-white-background-color has-text-color has-background wp-element-button\" href=\"#\" style=\"border-radius:0px\"><strong>Me enfoco en que toda experiencia digital funcione: que se entienda, fluya y que haga lo que esperas.<\/strong><\/a><\/div>\n<\/div>\n<\/div><\/div>\n\n\n\n<div class=\"wp-block-group has-global-padding is-layout-constrained wp-block-group-is-layout-constrained\">\n<div style=\"height:57px\" aria-hidden=\"true\" class=\"wp-block-spacer\"><\/div>\n\n\n\n<h2 class=\"wp-block-heading has-text-align-center\">Y LO HAGO TODO A TRAV\u00c9S DE METODOLOG\u00cdAS CENTRADAS EN LAS PERSONAS<\/h2>\n\n\n\n<h2 class=\"wp-block-heading has-text-align-center has-medium-font-size\" style=\"letter-spacing:1px\">Investigaci\u00f3n con usuarios, optimizaci\u00f3n de interfaces y decisiones basadas en datos<\/h2>\n\n\n\n<p class=\"has-text-align-center\">Transformo experiencias digitales que hoy no est\u00e1n rindiendo en soluciones que generan resultados concretos.<\/p>\n<\/div>\n\n\n\n<div id=\"services\" class=\"wp-block-group alignfull pattern_multiple_covers has-background has-global-padding is-layout-constrained wp-block-group-is-layout-constrained\">\n<div style=\"height:84px\" aria-hidden=\"true\" class=\"wp-block-spacer\"><\/div>\n\n\n\n<p class=\"has-text-align-left has-secondary-color has-text-color\" style=\"letter-spacing:1px\">TRABAJEMOS JUNTOS!<\/p>\n\n\n\n<h2 class=\"wp-block-heading has-text-align-left\">\u00bfC\u00f3mo puedo ayudar?<\/h2>\n\n\n\n<p class=\"has-text-align-left\">Si sientes que tu canal digital podr\u00eda estar rindiendo m\u00e1s, probablemente tengas oportunidades de mejora que hoy no est\u00e1s viendo. Te invito a conocer c\u00f3mo, a trav\u00e9s de un enfoque basado en a\u00f1os de experiencia, podemos detectar d\u00f3nde est\u00e1s perdiendo conversiones y transformarlo en resultados concretos para tu negocio.<\/p>\n\n\n\n<div style=\"height:46px\" aria-hidden=\"true\" class=\"wp-block-spacer\"><\/div>\n\n\n\n<div class=\"wp-block-columns is-layout-flex wp-container-core-columns-is-layout-28f84493 wp-block-columns-is-layout-flex\">\n<div class=\"wp-block-column is-layout-flow wp-block-column-is-layout-flow\" style=\"padding-top:0;padding-right:0;padding-bottom:0;padding-left:0\">\n<div class=\"wp-block-cover has-custom-content-position is-position-bottom-left\" style=\"padding-top:var(--wp--preset--spacing--small);padding-right:var(--wp--preset--spacing--x-small);padding-bottom:var(--wp--preset--spacing--small);padding-left:var(--wp--preset--spacing--x-small)\"><img decoding=\"async\" class=\"wp-block-cover__image-background wp-image-7392\" alt=\"\" src=\"https:\/\/mannarelli.cl\/wp-content\/themes\/inspiro\/assets\/images\/StockSnap_356BERTH29.jpg\" style=\"object-position:36% 63%\" data-object-fit=\"cover\" data-object-position=\"36% 63%\"\/><span aria-hidden=\"true\" class=\"wp-block-cover__background has-primary-background-color has-background-dim-70 has-background-dim\"><\/span><div class=\"wp-block-cover__inner-container is-layout-flow wp-block-cover-is-layout-flow\">\n<h3 class=\"wp-block-heading has-white-color has-text-color has-medium-font-size\" style=\"margin-top:0;margin-right:0;margin-bottom:0;margin-left:0\">Para comprender<br>el problema<\/h3>\n\n\n\n<p class=\"has-secondary-color has-text-color has-link-color wp-elements-6d9864b48923b25ecca91bd5752d3c62\" style=\"margin-top:0;margin-right:0;margin-bottom:0;margin-left:0\"><a href=\"#\">Conoce m\u00e1s \u2192<\/a><\/p>\n<\/div><\/div>\n<\/div>\n\n\n\n<div class=\"wp-block-column is-layout-flow wp-block-column-is-layout-flow\" style=\"padding-top:0;padding-right:0;padding-bottom:0;padding-left:0\">\n<div class=\"wp-block-cover has-custom-content-position is-position-bottom-left\" style=\"padding-top:var(--wp--preset--spacing--small);padding-right:var(--wp--preset--spacing--x-small);padding-bottom:var(--wp--preset--spacing--small);padding-left:var(--wp--preset--spacing--x-small)\"><img decoding=\"async\" class=\"wp-block-cover__image-background wp-image-7394\" alt=\"\" src=\"https:\/\/mannarelli.cl\/wp-content\/themes\/inspiro\/assets\/images\/StockSnap_KV0WLH355C.jpg\" data-object-fit=\"cover\"\/><span aria-hidden=\"true\" class=\"wp-block-cover__background has-primary-background-color has-background-dim-70 has-background-dim\"><\/span><div class=\"wp-block-cover__inner-container is-layout-flow wp-block-cover-is-layout-flow\">\n<h3 class=\"wp-block-heading has-white-color has-text-color has-medium-font-size\" style=\"margin-top:0;margin-right:0;margin-bottom:0;margin-left:0\">Para ajustar<br>la soluci\u00f3n<\/h3>\n\n\n\n<p class=\"has-secondary-color has-text-color has-link-color wp-elements-6d9864b48923b25ecca91bd5752d3c62\" style=\"margin-top:0;margin-right:0;margin-bottom:0;margin-left:0\"><a href=\"#\">Conoce m\u00e1s \u2192<\/a><\/p>\n<\/div><\/div>\n<\/div>\n\n\n\n<div class=\"wp-block-column is-layout-flow wp-block-column-is-layout-flow\" style=\"padding-top:0;padding-right:0;padding-bottom:0;padding-left:0\">\n<div class=\"wp-block-cover has-custom-content-position is-position-bottom-left\" style=\"padding-top:var(--wp--preset--spacing--small);padding-right:var(--wp--preset--spacing--x-small);padding-bottom:var(--wp--preset--spacing--small);padding-left:var(--wp--preset--spacing--x-small)\"><img decoding=\"async\" class=\"wp-block-cover__image-background wp-image-7497\" alt=\"\" src=\"https:\/\/mannarelli.cl\/wp-content\/themes\/inspiro\/assets\/images\/StockSnap_M6D1GS9PSL.jpg\" data-object-fit=\"cover\"\/><span aria-hidden=\"true\" class=\"wp-block-cover__background has-primary-background-color has-background-dim-70 has-background-dim\"><\/span><div class=\"wp-block-cover__inner-container is-layout-flow wp-block-cover-is-layout-flow\">\n<h3 class=\"wp-block-heading has-white-color has-text-color has-medium-font-size\" style=\"margin-top:0;margin-right:0;margin-bottom:0;margin-left:0\">Para convertir<br>a tus clientes<\/h3>\n\n\n\n<p class=\"has-secondary-color has-text-color has-link-color wp-elements-6d9864b48923b25ecca91bd5752d3c62\" style=\"margin-top:0;margin-right:0;margin-bottom:0;margin-left:0\"><a href=\"#\">Conoce m\u00e1s \u2192<\/a><\/p>\n<\/div><\/div>\n<\/div>\n<\/div>\n\n\n\n<div style=\"height:103px\" aria-hidden=\"true\" class=\"wp-block-spacer\"><\/div>\n<\/div>\n\n\n\n<div class=\"wp-block-group alignfull has-global-padding is-layout-constrained wp-block-group-is-layout-constrained\">\n<div class=\"wp-block-group has-global-padding is-layout-constrained wp-block-group-is-layout-constrained\" style=\"padding-top:var(--wp--preset--spacing--small);padding-bottom:var(--wp--preset--spacing--small)\">\n<div style=\"height:30px\" aria-hidden=\"true\" class=\"wp-block-spacer\"><\/div>\n\n\n\n<div class=\"wp-block-columns is-layout-flex wp-container-core-columns-is-layout-c375d253 wp-block-columns-is-layout-flex\">\n<div class=\"wp-block-column is-vertically-aligned-center is-layout-flow wp-block-column-is-layout-flow\">\n<h2 class=\"wp-block-heading has-medium-font-size\" style=\"text-transform:uppercase\">SOBRE MI<\/h2>\n\n\n\n<p>Especialista en Dise\u00f1o de Experiencias con m\u00e1s de 25 a\u00f1os resolviendo desaf\u00edos interactivos de alta complejidad para empresas y organizaciones de Latinoam\u00e9rica y Europa.<\/p>\n\n\n\n<div class=\"wp-block-buttons is-horizontal is-content-justification-left is-layout-flex wp-container-core-buttons-is-layout-20be11b6 wp-block-buttons-is-layout-flex\">\n<div class=\"wp-block-button is-style-outline is-style-outline--1\"><a class=\"wp-block-button__link wp-element-button\" href=\"https:\/\/www.linkedin.com\/in\/mannarelli\/\" style=\"border-radius:0px\" target=\"_blank\" rel=\"noreferrer noopener\">VE MI LINKEDIN<\/a><\/div>\n<\/div>\n\n\n\n<p><\/p>\n<\/div>\n\n\n\n<div class=\"wp-block-column is-layout-flow wp-block-column-is-layout-flow\">\n<figure class=\"wp-block-image size-large\"><img loading=\"lazy\" decoding=\"async\" width=\"765\" height=\"1024\" src=\"https:\/\/mannarelli.cl\/wp-content\/uploads\/2026\/03\/yolibri-765x1024.png\" alt=\"\" class=\"wp-image-51\" srcset=\"https:\/\/mannarelli.cl\/wp-content\/uploads\/2026\/03\/yolibri-765x1024.png 765w, https:\/\/mannarelli.cl\/wp-content\/uploads\/2026\/03\/yolibri-224x300.png 224w, https:\/\/mannarelli.cl\/wp-content\/uploads\/2026\/03\/yolibri.png 896w\" sizes=\"auto, (max-width: 765px) 100vw, 765px\" \/><\/figure>\n<\/div>\n<\/div>\n\n\n\n<div style=\"height:30px\" aria-hidden=\"true\" class=\"wp-block-spacer\"><\/div>\n<\/div>\n<\/div>\n\n\n\n<div id=\"partners\" class=\"wp-block-group has-global-padding is-content-justification-center is-layout-constrained wp-container-core-group-is-layout-dc06fb1d wp-block-group-is-layout-constrained\">\n<div style=\"height:80px\" aria-hidden=\"true\" class=\"wp-block-spacer\"><\/div>\n\n\n\n<div class=\"wp-block-group has-global-padding is-content-justification-left is-layout-constrained wp-container-core-group-is-layout-5d29898d wp-block-group-is-layout-constrained\" style=\"padding-top:0px;padding-right:0;padding-bottom:var(--wp--preset--spacing--small);padding-left:0\">\n<div class=\"wp-block-columns is-layout-flex wp-container-core-columns-is-layout-28f84493 wp-block-columns-is-layout-flex\">\n<div class=\"wp-block-column is-layout-flow wp-block-column-is-layout-flow\" style=\"flex-basis:60%\">\n<div style=\"height:20px\" aria-hidden=\"true\" class=\"wp-block-spacer\"><\/div>\n\n\n\n<p class=\"has-secondary-color has-text-color\">HE COLABORADO <\/p>\n\n\n\n<h2 class=\"wp-block-heading has-text-align-left\">Con empresas de todo tipo<\/h2>\n\n\n\n<div style=\"height:20px\" aria-hidden=\"true\" class=\"wp-block-spacer\"><\/div>\n\n\n\n<p class=\"has-text-align-left has-tertiary-color has-text-color\">De distintos sectores y pa\u00edses, apoy\u00e1ndolas en desaf\u00edos clave de sus canales digitales y acompa\u00f1ando procesos de mejora con foco en resultados. Estas experiencias me han permitido entender diversas realidades de negocio y adaptarme a distintos contextos, trabajando de forma cercana con equipos y stakeholders para lograr avances concretos.<\/p>\n<\/div>\n\n\n\n<div class=\"wp-block-column is-layout-flow wp-block-column-is-layout-flow\" style=\"flex-basis:40%\"><\/div>\n<\/div>\n<\/div>\n<\/div>\n\n\n\n<div id=\"team\" class=\"wp-block-group has-global-padding is-layout-constrained wp-block-group-is-layout-constrained\"><\/div>\n\n\n\n<div class=\"wp-block-cover alignfull has-parallax is-position-center-center\" style=\"border-radius:0px\"><div class=\"wp-block-cover__image-background wp-image-63 size-large has-parallax\" style=\"background-position:50% 50%;background-image:url(https:\/\/mannarelli.cl\/wp-content\/uploads\/2026\/03\/colibri-1024x572.jpeg)\"><\/div><span aria-hidden=\"true\" class=\"wp-block-cover__background has-black-background-color has-background-dim-40 has-background-dim\"><\/span><div class=\"wp-block-cover__inner-container is-layout-flow wp-block-cover-is-layout-flow\">\n<div class=\"wp-block-group has-global-padding is-layout-constrained wp-block-group-is-layout-constrained\">\n<h3 class=\"wp-block-heading has-text-align-center has-text-color has-medium-font-size\" style=\"color:#fffffa;text-transform:uppercase\">EMPIEZA A RECUPERAR LO QUE HOY EST\u00c1S PERDIENDO<\/h3>\n\n\n\n<p class=\"has-text-align-center has-white-color has-text-color\">Si est\u00e1s dejando pasar oportunidades en tu canal digital, no es un problema de tr\u00e1fico, es un problema de experiencia. <\/p>\n\n\n\n<p class=\"has-text-align-center has-white-color has-text-color\">La buena noticia es que se puede corregir. <\/p>\n\n\n\n<p class=\"has-text-align-center has-white-color has-text-color\">Conversemos y revisemos juntos d\u00f3nde est\u00e1n las fricciones que est\u00e1n frenando tus resultados y c\u00f3mo convertirlas en crecimiento concreto.<\/p>\n\n\n\n<div style=\"height:31px\" aria-hidden=\"true\" class=\"wp-block-spacer\"><\/div>\n\n\n\n<div class=\"wp-block-buttons is-horizontal is-content-justification-center is-layout-flex wp-container-core-buttons-is-layout-03627597 wp-block-buttons-is-layout-flex\">\n<div class=\"wp-block-button is-style-outline is-style-outline--2\"><a class=\"wp-block-button__link has-white-color has-text-color wp-element-button\" href=\"https:\/\/mannarelli.cl\/?page_id=12\" style=\"border-radius:0px\">CONT\u00c1CTAME<\/a><\/div>\n<\/div>\n<\/div>\n<\/div><\/div>\n\n\n\n<p><\/p>\n","protected":false},"excerpt":{"rendered":"<p>Y LO HAGO TODO A TRAV\u00c9S DE METODOLOG\u00cdAS CENTRADAS EN LAS PERSONAS Investigaci\u00f3n con usuarios, optimizaci\u00f3n de interfaces y decisiones basadas en datos Transformo experiencias digitales que hoy no est\u00e1n rindiendo en soluciones que generan resultados concretos. TRABAJEMOS JUNTOS! \u00bfC\u00f3mo puedo ayudar? Si sientes que tu canal digital podr\u00eda estar rindiendo m\u00e1s, probablemente tengas oportunidades &hellip; <\/p>\n<p class=\"link-more\"><a href=\"https:\/\/mannarelli.cl\/\" class=\"more-link\">Leer m\u00e1s<span class=\"screen-reader-text\"> \u00abSoy\u00bb<\/span><\/a><\/p>\n","protected":false},"author":1,"featured_media":0,"parent":0,"menu_order":0,"comment_status":"closed","ping_status":"closed","template":"page-templates\/homepage-builder-bb.php","meta":{"inspiro_hide_title":false,"footnotes":""},"class_list":["post-10","page","type-page","status-publish","hentry"],"yoast_head":"<!-- This site is optimized with the Yoast SEO plugin v27.4 - https:\/\/yoast.com\/product\/yoast-seo-wordpress\/ -->\n<title>Soy - Marcelo Mannarelli - Arquitecto de experiencias<\/title>\n<meta name=\"robots\" content=\"index, follow, max-snippet:-1, max-image-preview:large, max-video-preview:-1\" \/>\n<link rel=\"canonical\" href=\"https:\/\/mannarelli.cl\/\" \/>\n<meta property=\"og:locale\" content=\"es_ES\" \/>\n<meta property=\"og:type\" content=\"article\" \/>\n<meta property=\"og:title\" content=\"Soy - Marcelo Mannarelli - Arquitecto de experiencias\" \/>\n<meta property=\"og:description\" content=\"Y LO HAGO TODO A TRAV\u00c9S DE METODOLOG\u00cdAS CENTRADAS EN LAS PERSONAS Investigaci\u00f3n con usuarios, optimizaci\u00f3n de interfaces y decisiones basadas en datos Transformo experiencias digitales que hoy no est\u00e1n rindiendo en soluciones que generan resultados concretos. TRABAJEMOS JUNTOS! \u00bfC\u00f3mo puedo ayudar? Si sientes que tu canal digital podr\u00eda estar rindiendo m\u00e1s, probablemente tengas oportunidades &hellip; Leer m\u00e1s \u00abSoy\u00bb\" \/>\n<meta property=\"og:url\" content=\"https:\/\/mannarelli.cl\/\" \/>\n<meta property=\"og:site_name\" content=\"Marcelo Mannarelli - Arquitecto de experiencias\" \/>\n<meta property=\"article:modified_time\" content=\"2026-04-20T15:43:33+00:00\" \/>\n<meta name=\"twitter:card\" content=\"summary_large_image\" \/>\n<meta name=\"twitter:label1\" content=\"Tiempo de lectura\" \/>\n\t<meta name=\"twitter:data1\" content=\"3 minutos\" \/>\n<script type=\"application\/ld+json\" class=\"yoast-schema-graph\">{\"@context\":\"https:\\\/\\\/schema.org\",\"@graph\":[{\"@type\":\"WebPage\",\"@id\":\"https:\\\/\\\/mannarelli.cl\\\/\",\"url\":\"https:\\\/\\\/mannarelli.cl\\\/\",\"name\":\"Soy - Marcelo Mannarelli - Arquitecto de experiencias\",\"isPartOf\":{\"@id\":\"https:\\\/\\\/mannarelli.cl\\\/#website\"},\"primaryImageOfPage\":{\"@id\":\"https:\\\/\\\/mannarelli.cl\\\/#primaryimage\"},\"image\":{\"@id\":\"https:\\\/\\\/mannarelli.cl\\\/#primaryimage\"},\"thumbnailUrl\":\"https:\\\/\\\/mannarelli.cl\\\/wp-content\\\/themes\\\/inspiro\\\/assets\\\/images\\\/StockSnap_356BERTH29.jpg\",\"datePublished\":\"2026-03-17T19:30:34+00:00\",\"dateModified\":\"2026-04-20T15:43:33+00:00\",\"breadcrumb\":{\"@id\":\"https:\\\/\\\/mannarelli.cl\\\/#breadcrumb\"},\"inLanguage\":\"es\",\"potentialAction\":[{\"@type\":\"ReadAction\",\"target\":[\"https:\\\/\\\/mannarelli.cl\\\/\"]}]},{\"@type\":\"ImageObject\",\"inLanguage\":\"es\",\"@id\":\"https:\\\/\\\/mannarelli.cl\\\/#primaryimage\",\"url\":\"\",\"contentUrl\":\"\"},{\"@type\":\"BreadcrumbList\",\"@id\":\"https:\\\/\\\/mannarelli.cl\\\/#breadcrumb\",\"itemListElement\":[{\"@type\":\"ListItem\",\"position\":1,\"name\":\"Portada\",\"item\":\"https:\\\/\\\/mannarelli.cl\\\/\"},{\"@type\":\"ListItem\",\"position\":2,\"name\":\"Soy\"}]},{\"@type\":\"WebSite\",\"@id\":\"https:\\\/\\\/mannarelli.cl\\\/#website\",\"url\":\"https:\\\/\\\/mannarelli.cl\\\/\",\"name\":\"Marcelo Mannarelli - Arquitecto de experiencias\",\"description\":\"\",\"potentialAction\":[{\"@type\":\"SearchAction\",\"target\":{\"@type\":\"EntryPoint\",\"urlTemplate\":\"https:\\\/\\\/mannarelli.cl\\\/?s={search_term_string}\"},\"query-input\":{\"@type\":\"PropertyValueSpecification\",\"valueRequired\":true,\"valueName\":\"search_term_string\"}}],\"inLanguage\":\"es\"}]}<\/script>\n<!-- \/ Yoast SEO plugin. -->","yoast_head_json":{"title":"Soy - Marcelo Mannarelli - Arquitecto de experiencias","robots":{"index":"index","follow":"follow","max-snippet":"max-snippet:-1","max-image-preview":"max-image-preview:large","max-video-preview":"max-video-preview:-1"},"canonical":"https:\/\/mannarelli.cl\/","og_locale":"es_ES","og_type":"article","og_title":"Soy - Marcelo Mannarelli - Arquitecto de experiencias","og_description":"Y LO HAGO TODO A TRAV\u00c9S DE METODOLOG\u00cdAS CENTRADAS EN LAS PERSONAS Investigaci\u00f3n con usuarios, optimizaci\u00f3n de interfaces y decisiones basadas en datos Transformo experiencias digitales que hoy no est\u00e1n rindiendo en soluciones que generan resultados concretos. TRABAJEMOS JUNTOS! \u00bfC\u00f3mo puedo ayudar? Si sientes que tu canal digital podr\u00eda estar rindiendo m\u00e1s, probablemente tengas oportunidades &hellip; Leer m\u00e1s \u00abSoy\u00bb","og_url":"https:\/\/mannarelli.cl\/","og_site_name":"Marcelo Mannarelli - Arquitecto de experiencias","article_modified_time":"2026-04-20T15:43:33+00:00","twitter_card":"summary_large_image","twitter_misc":{"Tiempo de lectura":"3 minutos"},"schema":{"@context":"https:\/\/schema.org","@graph":[{"@type":"WebPage","@id":"https:\/\/mannarelli.cl\/","url":"https:\/\/mannarelli.cl\/","name":"Soy - Marcelo Mannarelli - Arquitecto de experiencias","isPartOf":{"@id":"https:\/\/mannarelli.cl\/#website"},"primaryImageOfPage":{"@id":"https:\/\/mannarelli.cl\/#primaryimage"},"image":{"@id":"https:\/\/mannarelli.cl\/#primaryimage"},"thumbnailUrl":"https:\/\/mannarelli.cl\/wp-content\/themes\/inspiro\/assets\/images\/StockSnap_356BERTH29.jpg","datePublished":"2026-03-17T19:30:34+00:00","dateModified":"2026-04-20T15:43:33+00:00","breadcrumb":{"@id":"https:\/\/mannarelli.cl\/#breadcrumb"},"inLanguage":"es","potentialAction":[{"@type":"ReadAction","target":["https:\/\/mannarelli.cl\/"]}]},{"@type":"ImageObject","inLanguage":"es","@id":"https:\/\/mannarelli.cl\/#primaryimage","url":"","contentUrl":""},{"@type":"BreadcrumbList","@id":"https:\/\/mannarelli.cl\/#breadcrumb","itemListElement":[{"@type":"ListItem","position":1,"name":"Portada","item":"https:\/\/mannarelli.cl\/"},{"@type":"ListItem","position":2,"name":"Soy"}]},{"@type":"WebSite","@id":"https:\/\/mannarelli.cl\/#website","url":"https:\/\/mannarelli.cl\/","name":"Marcelo Mannarelli - Arquitecto de experiencias","description":"","potentialAction":[{"@type":"SearchAction","target":{"@type":"EntryPoint","urlTemplate":"https:\/\/mannarelli.cl\/?s={search_term_string}"},"query-input":{"@type":"PropertyValueSpecification","valueRequired":true,"valueName":"search_term_string"}}],"inLanguage":"es"}]}},"_links":{"self":[{"href":"https:\/\/mannarelli.cl\/index.php?rest_route=\/wp\/v2\/pages\/10","targetHints":{"allow":["GET"]}}],"collection":[{"href":"https:\/\/mannarelli.cl\/index.php?rest_route=\/wp\/v2\/pages"}],"about":[{"href":"https:\/\/mannarelli.cl\/index.php?rest_route=\/wp\/v2\/types\/page"}],"author":[{"embeddable":true,"href":"https:\/\/mannarelli.cl\/index.php?rest_route=\/wp\/v2\/users\/1"}],"replies":[{"embeddable":true,"href":"https:\/\/mannarelli.cl\/index.php?rest_route=%2Fwp%2Fv2%2Fcomments&post=10"}],"version-history":[{"count":22,"href":"https:\/\/mannarelli.cl\/index.php?rest_route=\/wp\/v2\/pages\/10\/revisions"}],"predecessor-version":[{"id":82,"href":"https:\/\/mannarelli.cl\/index.php?rest_route=\/wp\/v2\/pages\/10\/revisions\/82"}],"wp:attachment":[{"href":"https:\/\/mannarelli.cl\/index.php?rest_route=%2Fwp%2Fv2%2Fmedia&parent=10"}],"curies":[{"name":"wp","href":"https:\/\/api.w.org\/{rel}","templated":true}]}}